{"id":312,"date":"2022-06-23T08:30:03","date_gmt":"2022-06-23T08:30:03","guid":{"rendered":"https:\/\/soildiagnostix.com\/?page_id=312"},"modified":"2025-11-07T07:50:26","modified_gmt":"2025-11-07T07:50:26","slug":"imprint-soildx-app","status":"publish","type":"page","link":"https:\/\/soildiagnostix.com\/?page_id=312","title":{"rendered":"Imprint SoilDx App"},"content":{"rendered":"\t\t<div data-elementor-type=\"wp-page\" data-elementor-id=\"312\" class=\"elementor elementor-312\" data-elementor-post-type=\"page\">\n\t\t\t\t\t\t<section class=\"elementor-section elementor-top-section elementor-element elementor-element-f7859d8 elementor-section-boxed elementor-section-height-default elementor-section-height-default\" data-id=\"f7859d8\" data-element_type=\"section\" data-e-type=\"section\">\n\t\t\t\t\t\t<div class=\"elementor-container elementor-column-gap-default\">\n\t\t\t\t\t<div class=\"elementor-column elementor-col-100 elementor-top-column elementor-element elementor-element-882528d\" data-id=\"882528d\" data-element_type=\"column\" data-e-type=\"column\">\n\t\t\t<div class=\"elementor-widget-wrap elementor-element-populated\">\n\t\t\t\t\t\t<div class=\"elementor-element elementor-element-05f1af5 elementor-widget elementor-widget-image\" data-id=\"05f1af5\" data-element_type=\"widget\" data-e-type=\"widget\" data-widget_type=\"image.default\">\n\t\t\t\t<div class=\"elementor-widget-container\">\n\t\t\t\t\t\t\t\t\t\t\t\t\t\t\t<img decoding=\"async\" width=\"500\" height=\"83\" src=\"https:\/\/soildiagnostix.com\/wp-content\/uploads\/2022\/06\/soil.diagnostix-500px-1.png\" class=\"attachment-large size-large wp-image-194\" alt=\"\" srcset=\"https:\/\/soildiagnostix.com\/wp-content\/uploads\/2022\/06\/soil.diagnostix-500px-1.png 500w, https:\/\/soildiagnostix.com\/wp-content\/uploads\/2022\/06\/soil.diagnostix-500px-1-300x50.png 300w\" sizes=\"(max-width: 500px) 100vw, 500px\" \/>\t\t\t\t\t\t\t\t\t\t\t\t\t\t\t<\/div>\n\t\t\t\t<\/div>\n\t\t\t\t\t<\/div>\n\t\t<\/div>\n\t\t\t\t\t<\/div>\n\t\t<\/section>\n\t\t\t\t<section class=\"elementor-section elementor-top-section elementor-element elementor-element-60eee034 elementor-section-boxed elementor-section-height-default elementor-section-height-default\" data-id=\"60eee034\" data-element_type=\"section\" data-e-type=\"section\">\n\t\t\t\t\t\t<div class=\"elementor-container elementor-column-gap-default\">\n\t\t\t\t\t<div class=\"elementor-column elementor-col-100 elementor-top-column elementor-element elementor-element-501716a8\" data-id=\"501716a8\" data-element_type=\"column\" data-e-type=\"column\">\n\t\t\t<div class=\"elementor-widget-wrap elementor-element-populated\">\n\t\t\t\t\t\t<div class=\"elementor-element elementor-element-1b12ee42 elementor-widget elementor-widget-text-editor\" data-id=\"1b12ee42\" data-element_type=\"widget\" data-e-type=\"widget\" data-widget_type=\"text-editor.default\">\n\t\t\t\t<div class=\"elementor-widget-container\">\n\t\t\t\t\t\t\t\t\t<p>F\u00fcr die mobilen Apps der Soil Diagnostix GmbH, verf\u00fcgbar im Google Play Store und im AppStore von Apple, gelten die folgenden gesonderten Datenschutzbestimmungen.<\/p>\n<p>Mit dem Herunterladen unserer Applikation haben Sie sich gegen\u00fcber dem jeweiligen AppStore z.B. \u00fcber Ihre Apple ID legitimiert. Eine mit der Europ\u00e4ischen Datenschutzgrundverordnung nicht im Einklang stehende Verwendung der im Zusammenhang mit dem Download oder der Nutzung der Applikationen erhobenen Daten durch Apple oder Google kann von Seiten der Soil Diagnostix&nbsp;GmbH nicht ausgeschlossen werden. Die Soil Diagnostix&nbsp;GmbH hat darauf keinen Einfluss. Eine Weitergabe von Daten durch die Soil Diagnostix&nbsp;GmbH an Apple oder Google erfolgt nicht.<\/p>\n<p>Nachfolgend finden Sie Informationen, welche personenbezogenen Daten durch die Soil Diagnostix GmbH erhoben, verarbeitet oder gespeichert werden:<\/p>\n<p><b><u>1. Datenschutz auf einen Blick<\/u><\/b><\/p>\n<p>Allgemeine Hinweise<\/p>\n<p>Die folgenden Hinweise geben einen einfachen \u00dcberblick dar\u00fcber, was mit Ihren personenbezogenen Daten passiert, wenn Sie unsere Mobilen Anwendungen (zuk\u00fcnftig Apps) verwenden. Personenbezogene Daten sind alle Daten, mit denen Sie pers\u00f6nlich identifiziert werden k\u00f6nnen. Ausf\u00fchrliche Informationen zum Thema Datenschutz entnehmen Sie unserer unter diesem Text aufgef\u00fchrten Datenschutzerkl\u00e4rung.<\/p>\n<p>Datenerfassung innerhalb unserer Apps<\/p>\n<h5>Wer ist verantwortlich f\u00fcr die Datenerfassung innerhalb der Apps?<\/h5>\n<p>Die Datenverarbeitung innerhalb unserer Apps erfolgt durch den Herausgeber der Apps. Der Herausgeber ist:<\/p>\n<p>Soil Diagnostix GmbH<\/p>\n<p>Friesestra\u00dfe 31a<\/p>\n<p>02681 Schirgiswalde-Kirschau<\/p>\n<p>Telefon: 0049 3592 543 09 90<br>E-Mail: support@soildiagnostix.com<\/p>\n<h5>Wie erfassen wir Ihre Daten?<\/h5>\n<p>Ihre Daten werden zum einen dadurch erhoben, dass Sie uns diese mitteilen. Hierbei kann es sich z.B. um Daten handeln, die Sie in die Apps direkt eingeben.<\/p>\n<p>Andere Daten werden durch den Zugriff unserer Apps auf Datenspeicher Ihres Endger\u00e4tes erfasst, zum Beispiel zum Versenden von Nachrichten an einen Kontakt aus Ihrem Adressbuch.<\/p>\n<p>Wiederum andere Daten werden automatisch beim Verwenden der Apps durch unsere IT-Systeme erfasst. Das sind vor allem technische Daten (z.B. Mobiles Endger\u00e4t, Betriebssystem oder Uhrzeit der Nutzung). Die Erfassung dieser Daten erfolgt automatisch, sobald Sie unsere Apps benutzen.<\/p>\n<h5>Wof\u00fcr nutzen wir Ihre Daten?<\/h5>\n<p>Ein Teil der Daten wird erhoben, um Ihre gew\u00e4hlten Anweisungen \u00fcber die App an den Server zu versenden und von dort an die gesteuerten Ger\u00e4te weiterzuleiten (Funktionserf\u00fcllung). Andere Daten k\u00f6nnen zur Analyse und Fehlerbehebung verwendet werden.<\/p>\n<h5>Welche Rechte haben Sie bez\u00fcglich Ihrer Daten?<\/h5>\n<p>Sie haben jederzeit das Recht unentgeltlich Auskunft \u00fcber Herkunft, Empf\u00e4nger und Zweck Ihrer gespeicherten personenbezogenen Daten zu erhalten. Sie haben au\u00dferdem ein Recht, die Berichtigung, Sperrung oder L\u00f6schung dieser Daten zu verlangen. Hierzu sowie zu weiteren Fragen zum Thema Datenschutz k\u00f6nnen Sie sich jederzeit unter der angegebenen Adresse an uns wenden. Des Weiteren steht Ihnen ein Beschwerderecht bei der zust\u00e4ndigen Aufsichtsbeh\u00f6rde zu.<\/p>\n<p>Au\u00dferdem haben Sie das Recht, unter bestimmten Umst\u00e4nden die Einschr\u00e4nkung der Verarbeitung Ihrer personenbezogenen Daten zu verlangen. Details hierzu entnehmen Sie der Datenschutzerkl\u00e4rung unter \u201eRecht auf Einschr\u00e4nkung der Verarbeitung\u201c.<\/p>\n<p><b><u>2. Allgemeine Hinweise und Pflichtinformationen<\/u><\/b><\/p>\n<p>Datenschutz<\/p>\n<p>Die Betreiber dieser Apps nehmen den Schutz Ihrer pers\u00f6nlichen Daten sehr ernst. Wir behandeln Ihre personenbezogenen Daten vertraulich und entsprechend der gesetzlichen Datenschutzvorschriften sowie dieser Datenschutzerkl\u00e4rung.<\/p>\n<p>Wenn Sie diese Apps benutzen, werden verschiedene personenbezogene Daten erhoben. Personenbezogene Daten sind Daten, mit denen Sie pers\u00f6nlich identifiziert werden k\u00f6nnen. Die vorliegende Datenschutzerkl\u00e4rung erl\u00e4utert, welche Daten wir erheben und wof\u00fcr wir sie nutzen. Sie erl\u00e4utert auch, wie und zu welchem Zweck das geschieht.<\/p>\n<p>Wir weisen darauf hin, dass die Daten\u00fcbertragung im Internet (z.B. bei der Kommunikation per E-Mail) Sicherheitsl\u00fccken aufweisen kann. Ein l\u00fcckenloser Schutz der Daten vor dem Zugriff durch Dritte ist nicht m\u00f6glich.<\/p>\n<p>Hinweis zur verantwortlichen Stelle<\/p>\n<p>Die verantwortliche Stelle f\u00fcr die Datenverarbeitung innerhalb dieser Apps ist:<\/p>\n<p>Soil Diagnostix GmbH<br>Friesestra\u00dfe 31a<br>02681 Schirgiswalde-Kirschau<\/p>\n<p>Telefon: 0049 3592 543 09 90<br>E-Mail: support@soildiagnostix.com<\/p>\n<p>Verantwortliche Stelle ist die nat\u00fcrliche oder juristische Person, die allein oder gemeinsam mit anderen \u00fcber die Zwecke und Mittel der Verarbeitung von personenbezogenen Daten (z.B. Namen, E-Mail-Adressen o. \u00c4.) entscheidet.<\/p>\n<p>Widerruf Ihrer Einwilligung zur Datenverarbeitung<\/p>\n<p>Viele Datenverarbeitungsvorg\u00e4nge sind nur mit Ihrer ausdr\u00fccklichen Einwilligung m\u00f6glich. Sie k\u00f6nnen eine bereits erteilte Einwilligung jederzeit widerrufen. Dazu reicht eine formlose Mitteilung per E-Mail an uns. Die Rechtm\u00e4\u00dfigkeit der bis zum Widerruf erfolgten Datenverarbeitung bleibt vom Widerruf unber\u00fchrt.<\/p>\n<p>Widerspruchsrecht gegen die Datenerhebung in besonderen F\u00e4llen sowie gegen Direktwerbung (Art. 21 DSGVO)<\/p>\n<p>Wenn die Datenverarbeitung auf Grundlage von Art. 6 Abs. 1 lit. e oder f DSGVO erfolgt, haben Sie jederzeit das Recht, aus Gr\u00fcnden, die sich aus Ihrer besonderen Situation ergeben, gegen die Verarbeitung Ihrer personenbezogenen Daten Widerspruch einzulegen; dies gilt auch f\u00fcr ein auf diese Bestimmungen gest\u00fctztes Profiling. Die jeweilige Rechtsgrundlage, auf denen eine Verarbeitung beruht, entnehmen Sie dieser Datenschutzerkl\u00e4rung. Wenn Sie Widerspruch einlegen, werden wir Ihre betroffenen personenbezogenen Daten nicht mehr verarbeiten, es sei denn, wir k\u00f6nnen zwingende schutzw\u00fcrdige Gr\u00fcnde f\u00fcr die Verarbeitung nachweisen, die Ihre Interessen, Rechte und Freiheiten \u00fcberwiegen oder die Verarbeitung dient der Geltendmachung, Aus\u00fcbung oder Verteidigung von Rechtsanspr\u00fcchen (Widerspruch nach Art. 21 Abs. 1 DSGVO).<\/p>\n<p>Werden Ihre personenbezogenen Daten verarbeitet, um Direktwerbung zu betreiben, so haben Sie das Recht, jederzeit Widerspruch gegen die Verarbeitung Sie betreffender personenbezogener Daten zum Zwecke derartiger Werbung einzulegen; dies gilt auch f\u00fcr das Profiling, soweit es mit solcher Direktwerbung in Verbindung steht. Wenn Sie widersprechen, werden Ihre personenbezogenen Daten anschlie\u00dfend nicht mehr zum Zwecke der Direktwerbung verwendet (Widerspruch nach Art. 21 Abs. 2 DSGVO).<\/p>\n<p>Beschwerderecht bei der zust\u00e4ndigen Aufsichtsbeh\u00f6rde<\/p>\n<p>Im Falle von Verst\u00f6\u00dfen gegen die DSGVO steht den Betroffenen ein Beschwerderecht bei einer Aufsichtsbeh\u00f6rde, insbesondere in dem Mitgliedstaat ihres gew\u00f6hnlichen Aufenthalts, ihres Arbeitsplatzes oder des Orts des mutma\u00dflichen Versto\u00dfes zu. Das Beschwerderecht besteht unbeschadet anderweitiger verwaltungsrechtlicher oder gerichtlicher Rechtsbehelfe.<\/p>\n<p>Recht auf Daten\u00fcbertragbarkeit<\/p>\n<p>Sie haben das Recht, Daten, die wir auf Grundlage Ihrer Einwilligung oder in Erf\u00fcllung eines Vertrags automatisiert verarbeiten, an sich oder an einen Dritten in einem g\u00e4ngigen, maschinenlesbaren Format aush\u00e4ndigen zu lassen. Sofern Sie die direkte \u00dcbertragung der Daten an einen anderen Verantwortlichen verlangen, erfolgt dies nur, soweit es technisch machbar ist.<\/p>\n<p>SSL- bzw. TLS-Verschl\u00fcsselung<\/p>\n<p>Diese Apps nutzen aus Sicherheitsgr\u00fcnden und zum Schutz der \u00dcbertragung vertraulicher Inhalte, wie zum Beispiel Koordinaten oder Anfragen, die Sie an uns als Betreiber der Apps senden, eine SSL-bzw. TLS-Verschl\u00fcsselung. Wenn die SSL- bzw. TLS-Verschl\u00fcsselung aktiviert ist, k\u00f6nnen die Daten, die Sie an uns \u00fcbermitteln, nicht von Dritten mitgelesen werden.<\/p>\n<p>Auskunft, Sperrung, L\u00f6schung und Berichtigung<\/p>\n<p>Sie haben im Rahmen der geltenden gesetzlichen Bestimmungen jederzeit das Recht auf unentgeltliche Auskunft \u00fcber Ihre gespeicherten personenbezogenen Daten, deren Herkunft und Empf\u00e4nger und den Zweck der Datenverarbeitung und ggf. ein Recht auf Berichtigung, Sperrung oder L\u00f6schung dieser Daten. Hierzu sowie zu weiteren Fragen zum Thema personenbezogene Daten k\u00f6nnen Sie sich jederzeit unter der angegebenen Adresse an uns wenden.<\/p>\n<p>Recht auf Einschr\u00e4nkung der Verarbeitung<\/p>\n<p>Sie haben das Recht, die Einschr\u00e4nkung der Verarbeitung Ihrer personenbezogenen Daten zu verlangen. Hierzu k\u00f6nnen Sie sich jederzeit unter der angegebenen Adresse an uns wenden. Das Recht auf Einschr\u00e4nkung der Verarbeitung besteht in folgenden F\u00e4llen:<\/p>\n<p>Wenn Sie die Richtigkeit Ihrer bei uns gespeicherten personenbezogenen Daten bestreiten, ben\u00f6tigen wir in der Regel Zeit, um dies zu \u00fcberpr\u00fcfen. F\u00fcr die Dauer der Pr\u00fcfung haben Sie das Recht, die Einschr\u00e4nkung der Verarbeitung Ihrer personenbezogenen Daten zu verlangen.<\/p>\n<p>Wenn die Verarbeitung Ihrer personenbezogenen Daten unrechtm\u00e4\u00dfig geschah \/ geschieht, k\u00f6nnen Sie statt der L\u00f6schung die Einschr\u00e4nkung der Datenverarbeitung verlangen.<\/p>\n<p>Wenn wir Ihre personenbezogenen Daten nicht mehr ben\u00f6tigen, Sie sie jedoch zur Aus\u00fcbung, Verteidigung oder Geltendmachung von Rechtsanspr\u00fcchen ben\u00f6tigen, haben Sie das Recht, statt der L\u00f6schung die Einschr\u00e4nkung der Verarbeitung Ihrer personenbezogenen Daten zu verlangen.<\/p>\n<p>Wenn Sie einen Widerspruch nach Art. 21 Abs. 1 DSGVO eingelegt haben, muss eine Abw\u00e4gung zwischen Ihren und unseren Interessen vorgenommen werden. Solange noch nicht feststeht, wessen Interessen \u00fcberwiegen, haben Sie das Recht, die Einschr\u00e4nkung der Verarbeitung Ihrer personenbezogenen Daten zu verlangen.<\/p>\n<p>Wenn Sie die Verarbeitung Ihrer personenbezogenen Daten eingeschr\u00e4nkt haben, d\u00fcrfen diese Daten \u2013 von ihrer Speicherung abgesehen \u2013 nur mit Ihrer Einwilligung oder zur Geltendmachung, Aus\u00fcbung oder Verteidigung von Rechtsanspr\u00fcchen oder zum Schutz der Rechte einer anderen nat\u00fcrlichen oder juristischen Person oder aus Gr\u00fcnden eines wichtigen \u00f6ffentlichen Interesses der Europ\u00e4ischen Union oder eines Mitgliedstaats verarbeitet werden.<\/p>\n<p><b><u>3. Datenerfassung durch unsere Apps<\/u><\/b><\/p>\n<p>Anwendungsdaten<\/p>\n<p>Die App \u00fcbermittelt w\u00e4hrend der Kommunikation mit unserem Server automatisch Daten, welche vom Server automatisch in sogenannten Log-Dateien gespeichert werden. Dies Daten sind:<\/p>\n<p>Art des mobilen Endger\u00e4tes<\/p>\n<p>Verwendetes Betriebssystem<\/p>\n<p>Verwendete Sprache<\/p>\n<p>Technische Informationen \u00fcber das verwendete Endger\u00e4t<\/p>\n<p>Datum und Uhrzeit der Anfrage<\/p>\n<p>IP-Adresse<\/p>\n<p><span style=\"color: var( --e-global-color-text );\">Dies erfolgt auf Grundlage von Art. 6 Abs. 1 lit. b DSGVO, der die Verarbeitung von Daten zur Erf\u00fcllung eines Vertrags oder vorvertraglicher Ma\u00dfnahmen gestattet.<\/span><\/p>\n<p>Dies erfolgt auf Grundlage von Art. 6 Abs. 1 lit. b DSGVO, der die Verarbeitung von Daten zur Erf\u00fcllung eines Vertrags oder vorvertraglicher Ma\u00dfnahmen gestattet.<\/p>\n<p>Verarbeiten von Daten (Kunden- und Vertragsdaten)<\/p>\n<p>Wir erheben, verarbeiten und nutzen personenbezogene Daten nur, soweit sie f\u00fcr die Begr\u00fcndung, inhaltliche Ausgestaltung oder \u00c4nderung des Rechtsverh\u00e4ltnisses erforderlich sind (Bestandsdaten). Dies erfolgt auf Grundlage von Art. 6 Abs. 1 lit. b DSGVO, der die Verarbeitung von Daten zur Erf\u00fcllung eines Vertrags oder vorvertraglicher Ma\u00dfnahmen gestattet. Personenbezogene Daten \u00fcber die Inanspruchnahme unserer Apps (Nutzungsdaten) erheben, verarbeiten und nutzen wir nur, soweit dies erforderlich ist, um dem Nutzer die Inanspruchnahme des Dienstes zu erm\u00f6glichen oder abzurechnen.<\/p>\n<p>Die erhobenen Kundendaten werden nach Abschluss des Auftrags oder Beendigung der Gesch\u00e4ftsbeziehung gel\u00f6scht. Gesetzliche Aufbewahrungsfristen bleiben unber\u00fchrt.<\/p>\n<p>Stand: 12.06.2022<\/p>\t\t\t\t\t\t\t\t<\/div>\n\t\t\t\t<\/div>\n\t\t\t\t\t<\/div>\n\t\t<\/div>\n\t\t\t\t\t<\/div>\n\t\t<\/section>\n\t\t\t\t<\/div>\n\t\t","protected":false},"excerpt":{"rendered":"<p>F\u00fcr die mobilen Apps der Soil Diagnostix GmbH, verf\u00fcgbar im Google Play Store und im AppStore von Apple, gelten die folgenden gesonderten Datenschutzbestimmungen. Mit dem Herunterladen unserer Applikation haben Sie sich gegen\u00fcber dem jeweiligen AppStore z.B. \u00fcber Ihre Apple ID legitimiert. Eine mit der Europ\u00e4ischen Datenschutzgrundverordnung nicht im Einklang stehende Verwendung der im Zusammenhang mit [&hellip;]<\/p>\n","protected":false},"author":1,"featured_media":0,"parent":0,"menu_order":0,"comment_status":"closed","ping_status":"open","template":"elementor_canvas","meta":{"footnotes":""},"class_list":["post-312","page","type-page","status-publish","hentry"],"_links":{"self":[{"href":"https:\/\/soildiagnostix.com\/index.php?rest_route=\/wp\/v2\/pages\/312","targetHints":{"allow":["GET"]}}],"collection":[{"href":"https:\/\/soildiagnostix.com\/index.php?rest_route=\/wp\/v2\/pages"}],"about":[{"href":"https:\/\/soildiagnostix.com\/index.php?rest_route=\/wp\/v2\/types\/page"}],"author":[{"embeddable":true,"href":"https:\/\/soildiagnostix.com\/index.php?rest_route=\/wp\/v2\/users\/1"}],"replies":[{"embeddable":true,"href":"https:\/\/soildiagnostix.com\/index.php?rest_route=%2Fwp%2Fv2%2Fcomments&post=312"}],"version-history":[{"count":14,"href":"https:\/\/soildiagnostix.com\/index.php?rest_route=\/wp\/v2\/pages\/312\/revisions"}],"predecessor-version":[{"id":639,"href":"https:\/\/soildiagnostix.com\/index.php?rest_route=\/wp\/v2\/pages\/312\/revisions\/639"}],"wp:attachment":[{"href":"https:\/\/soildiagnostix.com\/index.php?rest_route=%2Fwp%2Fv2%2Fmedia&parent=312"}],"curies":[{"name":"wp","href":"https:\/\/api.w.org\/{rel}","templated":true}]}}